{"id":988,"date":"2020-04-28T03:17:36","date_gmt":"2020-04-28T02:17:36","guid":{"rendered":"http:\/\/www.quattroprinting.pl\/new\/?page_id=988"},"modified":"2020-04-28T03:18:26","modified_gmt":"2020-04-28T02:18:26","slug":"o-nas","status":"publish","type":"page","link":"http:\/\/www.quattroprinting.pl\/new\/o-nas\/","title":{"rendered":"O Nas"},"content":{"rendered":"\t\t<div data-elementor-type=\"wp-page\" data-elementor-id=\"988\" class=\"elementor elementor-988\" data-elementor-settings=\"[]\">\n\t\t\t\t\t\t<div class=\"elementor-inner\">\n\t\t\t\t\t\t\t<div class=\"elementor-section-wrap\">\n\t\t\t\t\t\t\t<section class=\"elementor-section elementor-top-section elementor-element elementor-element-b705004 elementor-section-boxed elementor-section-height-default elementor-section-height-default\" data-id=\"b705004\" data-element_type=\"section\">\n\t\t\t\t\t\t<div class=\"elementor-container elementor-column-gap-default\">\n\t\t\t\t\t\t\t<div class=\"elementor-row\">\n\t\t\t\t\t<div class=\"elementor-column elementor-col-100 elementor-top-column elementor-element elementor-element-58b72fb\" data-id=\"58b72fb\" data-element_type=\"column\">\n\t\t\t<div class=\"elementor-column-wrap elementor-element-populated\">\n\t\t\t\t\t\t\t<div class=\"elementor-widget-wrap\">\n\t\t\t\t\t\t<div class=\"elementor-element elementor-element-d461d17 elementor-widget elementor-widget-heading\" data-id=\"d461d17\" data-element_type=\"widget\" data-widget_type=\"heading.default\">\n\t\t\t\t<div class=\"elementor-widget-container\">\n\t\t\t<h2 class=\"elementor-heading-title elementor-size-default\">O NAS<\/h2>\t\t<\/div>\n\t\t\t\t<\/div>\n\t\t\t\t\t\t<\/div>\n\t\t\t\t\t<\/div>\n\t\t<\/div>\n\t\t\t\t\t\t\t\t<\/div>\n\t\t\t\t\t<\/div>\n\t\t<\/section>\n\t\t\t\t<section class=\"elementor-section elementor-top-section elementor-element elementor-element-24b9c26 elementor-section-boxed elementor-section-height-default elementor-section-height-default\" data-id=\"24b9c26\" data-element_type=\"section\" data-settings=\"{&quot;background_background&quot;:&quot;classic&quot;}\">\n\t\t\t\t\t\t\t<div class=\"elementor-background-overlay\"><\/div>\n\t\t\t\t\t\t\t<div class=\"elementor-container elementor-column-gap-default\">\n\t\t\t\t\t\t\t<div class=\"elementor-row\">\n\t\t\t\t\t<div class=\"elementor-column elementor-col-100 elementor-top-column elementor-element elementor-element-e81e320\" data-id=\"e81e320\" data-element_type=\"column\">\n\t\t\t<div class=\"elementor-column-wrap elementor-element-populated\">\n\t\t\t\t\t\t\t<div class=\"elementor-widget-wrap\">\n\t\t\t\t\t\t<div class=\"elementor-element elementor-element-94a1156 elementor-widget elementor-widget-text-editor\" data-id=\"94a1156\" data-element_type=\"widget\" data-widget_type=\"text-editor.default\">\n\t\t\t\t<div class=\"elementor-widget-container\">\n\t\t\t\t\t\t\t\t<div class=\"elementor-text-editor elementor-clearfix\">\n\t\t\t\t<p>Drukarnia<strong> Quattro Printing<\/strong> powsta\u0142a w sierpniu 2008 roku. Za\u0142o\u017cycielami firmy byli ludzie, maj\u0105cy kilkunastoletnie do\u015bwiadczenie w bran\u017cy poligraficznej. Naszym nadrz\u0119dnym celem by\u0142o stworzenie pierwszej, profesjonalnej drukarni cyfrowej, mog\u0105cej konkurowa\u0107 z tradycyjnymi drukarniami offsetowymi. Mogli\u015bmy to osi\u0105gn\u0105\u0107 buduj\u0105c firm\u0119 w oparciu o najnowsze technologie umo\u017cliwiaj\u0105ce oferowanie bardzo szerokiej palety us\u0142ug.<\/p><p>Dwana\u015bcie lat dzia\u0142ania drukarni, systematyczna rozbudowa parku maszynowego i stale powi\u0119kszaj\u0105ca si\u0119 baza zadowolonych Klient\u00f3w sprawi\u0142y, \u017ce osi\u0105gn\u0119li\u015bmy zamierzone cele.<\/p><p>Jako pierwsi w Polsce zainstalowali\u015bmy najnowocze\u015bniejsz\u0105 maszyn\u0119 do offsetowego druku cyfrowego <strong>HP Indigo 5500<\/strong>, pozwalaj\u0105c\u0105 na druk zar\u00f3wno ma\u0142ych jak i \u015brednich nak\u0142ad\u00f3w. W grudniu 2013 roku wzbogacili\u015bmy nasz\u0105 ofert\u0119 o tradycyjny druk offsetowy instaluj\u0105c p\u00f3\u0142formatow\u0105 maszyn\u0119 <strong>Heidelberg SM 74\/5<\/strong>.<\/p><p>Zastosowanie technologii arkuszowego druku cyfrowego i offsetowego oraz druku wielkoformatowego pozwala nam zaspokaja\u0107 oczekiwania najbardziej wymagaj\u0105cych klient\u00f3w. Zr\u00f3\u017cnicowany park maszynowy oraz do\u015bwiadczenie naszych pracownik\u00f3w daje mo\u017cliwo\u015b\u0107 wykonywania prac o najwy\u017cszym stopniu trudno\u015bci. Podejmujemy si\u0119 zada\u0144, kt\u00f3rym inne firmy nie s\u0105 w stanie sprosta\u0107. Na dzie\u0144 dzisiejszy oko\u0142o 40% naszej produkcji trafia na rynki zagraniczne.<\/p>\t\t\t\t\t<\/div>\n\t\t\t\t\t\t<\/div>\n\t\t\t\t<\/div>\n\t\t\t\t\t\t<\/div>\n\t\t\t\t\t<\/div>\n\t\t<\/div>\n\t\t\t\t\t\t\t\t<\/div>\n\t\t\t\t\t<\/div>\n\t\t<\/section>\n\t\t\t\t\t\t<\/div>\n\t\t\t\t\t\t<\/div>\n\t\t\t\t\t<\/div>\n\t\t","protected":false},"excerpt":{"rendered":"<p>O NAS Drukarnia Quattro Printing powsta\u0142a w sierpniu 2008 roku. Za\u0142o\u017cycielami firmy byli ludzie, maj\u0105cy kilkunastoletnie do\u015bwiadczenie w bran\u017cy poligraficznej. Naszym nadrz\u0119dnym celem by\u0142o stworzenie pierwszej, profesjonalnej drukarni cyfrowej, mog\u0105cej konkurowa\u0107 z tradycyjnymi drukarniami offsetowymi. Mogli\u015bmy to osi\u0105gn\u0105\u0107 buduj\u0105c firm\u0119 w oparciu o najnowsze technologie umo\u017cliwiaj\u0105ce oferowanie bardzo szerokiej palety us\u0142ug. Dwana\u015bcie lat dzia\u0142ania drukarni, [&hellip;]<\/p>\n","protected":false},"author":1,"featured_media":0,"parent":0,"menu_order":0,"comment_status":"closed","ping_status":"closed","template":"","meta":[],"_links":{"self":[{"href":"http:\/\/www.quattroprinting.pl\/new\/wp-json\/wp\/v2\/pages\/988"}],"collection":[{"href":"http:\/\/www.quattroprinting.pl\/new\/wp-json\/wp\/v2\/pages"}],"about":[{"href":"http:\/\/www.quattroprinting.pl\/new\/wp-json\/wp\/v2\/types\/page"}],"author":[{"embeddable":true,"href":"http:\/\/www.quattroprinting.pl\/new\/wp-json\/wp\/v2\/users\/1"}],"replies":[{"embeddable":true,"href":"http:\/\/www.quattroprinting.pl\/new\/wp-json\/wp\/v2\/comments?post=988"}],"version-history":[{"count":2,"href":"http:\/\/www.quattroprinting.pl\/new\/wp-json\/wp\/v2\/pages\/988\/revisions"}],"predecessor-version":[{"id":1322,"href":"http:\/\/www.quattroprinting.pl\/new\/wp-json\/wp\/v2\/pages\/988\/revisions\/1322"}],"wp:attachment":[{"href":"http:\/\/www.quattroprinting.pl\/new\/wp-json\/wp\/v2\/media?parent=988"}],"curies":[{"name":"wp","href":"https:\/\/api.w.org\/{rel}","templated":true}]}}