{"id":9,"date":"2020-01-08T12:26:32","date_gmt":"2020-01-08T12:26:32","guid":{"rendered":"http:\/\/www.quattroprinting.pl\/new\/?page_id=9"},"modified":"2020-01-29T17:46:25","modified_gmt":"2020-01-29T17:46:25","slug":"polityka-prywatnosci","status":"publish","type":"page","link":"http:\/\/www.quattroprinting.pl\/new\/polityka-prywatnosci\/","title":{"rendered":"Polityka Prywatno\u015bci"},"content":{"rendered":"\t\t<div data-elementor-type=\"wp-page\" data-elementor-id=\"9\" class=\"elementor elementor-9\" data-elementor-settings=\"[]\">\n\t\t\t\t\t\t<div class=\"elementor-inner\">\n\t\t\t\t\t\t\t<div class=\"elementor-section-wrap\">\n\t\t\t\t\t\t\t<section class=\"elementor-section elementor-top-section elementor-element elementor-element-d9a5726 elementor-section-boxed elementor-section-height-default elementor-section-height-default\" data-id=\"d9a5726\" data-element_type=\"section\">\n\t\t\t\t\t\t<div class=\"elementor-container elementor-column-gap-default\">\n\t\t\t\t\t\t\t<div class=\"elementor-row\">\n\t\t\t\t\t<div class=\"elementor-column elementor-col-100 elementor-top-column elementor-element elementor-element-bc92bcb\" data-id=\"bc92bcb\" data-element_type=\"column\">\n\t\t\t<div class=\"elementor-column-wrap elementor-element-populated\">\n\t\t\t\t\t\t\t<div class=\"elementor-widget-wrap\">\n\t\t\t\t\t\t<div class=\"elementor-element elementor-element-1821692 elementor-widget elementor-widget-heading\" data-id=\"1821692\" data-element_type=\"widget\" data-widget_type=\"heading.default\">\n\t\t\t\t<div class=\"elementor-widget-container\">\n\t\t\t<h2 class=\"elementor-heading-title elementor-size-default\">POLITYKA PRYWATNO\u015aCI<\/h2>\t\t<\/div>\n\t\t\t\t<\/div>\n\t\t\t\t\t\t<\/div>\n\t\t\t\t\t<\/div>\n\t\t<\/div>\n\t\t\t\t\t\t\t\t<\/div>\n\t\t\t\t\t<\/div>\n\t\t<\/section>\n\t\t\t\t<section class=\"elementor-section elementor-top-section elementor-element elementor-element-125c4045 elementor-section-stretched elementor-section-boxed elementor-section-height-default elementor-section-height-default\" data-id=\"125c4045\" data-element_type=\"section\" data-settings=\"{&quot;stretch_section&quot;:&quot;section-stretched&quot;}\">\n\t\t\t\t\t\t<div class=\"elementor-container elementor-column-gap-default\">\n\t\t\t\t\t\t\t<div class=\"elementor-row\">\n\t\t\t\t\t<div class=\"elementor-column elementor-col-100 elementor-top-column elementor-element elementor-element-63da2205\" data-id=\"63da2205\" data-element_type=\"column\">\n\t\t\t<div class=\"elementor-column-wrap elementor-element-populated\">\n\t\t\t\t\t\t\t<div class=\"elementor-widget-wrap\">\n\t\t\t\t\t\t<div class=\"elementor-element elementor-element-42c7c037 elementor-widget elementor-widget-text-editor\" data-id=\"42c7c037\" data-element_type=\"widget\" data-widget_type=\"text-editor.default\">\n\t\t\t\t<div class=\"elementor-widget-container\">\n\t\t\t\t\t\t\t\t<div class=\"elementor-text-editor elementor-clearfix\">\n\t\t\t\t<p><\/p><center><p><\/p>\n<h2>Polityka Ochrony Prywatno\u015bci<\/h2>\n<p><b>\u00a7 1.<\/b><\/p><\/center><p><\/p>\n<ol>\n<li>W Polityce Ochrony Prywatno\u015bci zawarte s\u0105 informacje o tym, w jaki spos\u00f3b s\u0105 gromadzone, przetwarzane i wykorzystywane informacje o U\u017cytkownikach Serwisu.<\/li>\n<li>Ochrona prywatno\u015bci U\u017cytkownik\u00f3w Serwisu ma dla Administratora kluczowe znaczenie, dlatego zakres wymaganych informacji zosta\u0142 ograniczony do niezb\u0119dnego minimum.<\/li>\n<li>Administrator przetwarza dane osobowe U\u017cytkownik\u00f3w w zakresie niezb\u0119dnym do prawid\u0142owej realizacji Us\u0142ug \u015bwiadczonych w ramach Serwisu.<\/li>\n<li>Administrator przetwarza dane osobowe w spos\u00f3b zgodny z obowi\u0105zuj\u0105cymi przepisami prawa, na zasadach okre\u015blonych w niniejszej Polityce Ochrony Prywatno\u015bci.<\/li>\n<li>Administrator zapewnia, \u017ce nadrz\u0119dnym celem jest zapewnienie osobom korzystaj\u0105cym z Serwisu ochrony ich prywatno\u015bci na poziomie co najmniej odpowiadaj\u0105cym standardom okre\u015blonym w obowi\u0105zuj\u0105cych przepisach prawnych, w szczeg\u00f3lno\u015bci w ustawie z dnia 18 lipca 2002 r. o \u015bwiadczeniu us\u0142ug drog\u0105 elektroniczn\u0105 oraz ustawie z dnia 29 sierpnia 1997 r. o ochronie danych osobowych.<\/li>\n<li>Ka\u017cdy U\u017cytkownik korzystaj\u0105cy z Us\u0142ug Serwisu akceptuje zasady zawarte w niniejszej Polityce Ochrony Prywatno\u015bci.<\/li>\n<\/ol>\n<p><\/p><center><p><\/p>\n<h3>Gromadzenie danych<\/h3>\n<p><b>\u00a7 2.<\/b><\/p><\/center><br>\n<p><\/p>\n<ol>\n<li>Zgodnie z przyj\u0119t\u0105 praktyk\u0105, przechowujemy informacje o zapytaniach HTTP kierowanych do naszego serwera. Oznacza to, \u017ce znamy publiczne adresy IP, z kt\u00f3rych U\u017cytkownicy przegl\u0105daj\u0105 tre\u015bci informacyjne zamieszczone w ramach Serwisu.<\/li>\n<li>Informacje zawarte w logach systemowych, takie jak: nazwy domen, liczba ods\u0142on stron, liczba wizyt, informacje dotycz\u0105ce numer\u00f3w IP korzystaj\u0105cych w jakikolwiek spos\u00f3b z Serwisu, mog\u0105 by\u0107 zbierane i analizowane w celach technicznych i marketingowych. Przegl\u0105dane zasoby identyfikowane s\u0105 poprzez adresy URL.<\/li>\n<\/ol>\n<p><\/p><center><p><\/p>\n<h3>Pliki Cookies<\/h3>\n<p><b>\u00a7 3.<\/b><\/p><\/center><p><\/p>\n<p><\/p>\n<ol>\n<li>Serwis korzysta z nast\u0119puj\u0105cych plik\u00f3w cookies, czyli plik\u00f3w tekstowych zapisywanych na urz\u0105dzeniu osoby odwiedzaj\u0105cej Serwis:\n<ol>\n<li>sesyjne pliki cookies: niezb\u0119dne do korzystania przez U\u017cytkownika z us\u0142ug dost\u0119pnych na Serwisie, w tym m.in. do logowania i dost\u0119pu do zamkni\u0119tych cz\u0119\u015bci Serwisu;<\/li>\n<li>trwa\u0142e pliki cookies: pozwalaj\u0105ce na zapisywanie preferencji U\u017cytkownika Serwisu oraz dostosowywania dzia\u0142a\u0144 Serwisu do preferencji U\u017cytkownika, w tym m.in. pozwalaj\u0105ce na zapami\u0119tywanie informacji na temat komunikat\u00f3w wy\u015bwietlanych U\u017cytkownikowi podczas korzystania z Serwisu;<\/li>\n<li>analityczne pliki cookies: pozwalaj\u0105ce na zbieranie informacji o sposobie korzystania z Serwisu przez U\u017cytkownika dla cel\u00f3w optymalizacji dzia\u0142ania Serwisu. Aktualnie wykorzystywany jest mechanizm Google Analytics.<\/li>\n<\/ol>\n<\/li>\n<li>U\u017cytkownik mo\u017ce w ka\u017cdym czasie zablokowa\u0107 korzystanie przez Serwis z plik\u00f3w cookies za pomoc\u0105 zmiany ustawie\u0144 przegl\u0105darki internetowej. Przy czym zablokowanie plik\u00f3w cookies mo\u017ce oznacza\u0107 brak dost\u0119pu U\u017cytkownika do niekt\u00f3rych z us\u0142ug dost\u0119pnych na Serwisie.<\/li>\n<li>Aby zablokowa\u0107 korzystanie przez Serwis z plik\u00f3w cookies nale\u017cy, w przypadku u\u017cywania przegl\u0105darki typu:\n<ol>\n<li>Microsoft Internet Explorer: w menu &#8222;Narz\u0119dzia&#8221; wybra\u0107 &#8222;Opcje internetowe&#8221; i w nich zak\u0142adk\u0119 &#8222;Prywatno\u015b\u0107&#8221;. Mo\u017cemy regulowa\u0107 og\u00f3lny poziom prywatno\u015bci albo przyciskiem &#8222;Witryny&#8221; zarz\u0105dza\u0107 ustawieniami poszczeg\u00f3lnych serwis\u00f3w internetowych;<\/li>\n<li>Google Chrome: w menu ukrytym pod trzema poziomymi kreseczkami w prawym g\u00f3rnym rogu przegl\u0105darki wybra\u0107 &#8222;Narz\u0119dzia&#8221;, potem &#8222;Wyczy\u015b\u0107 dane przegl\u0105dania&#8230;&#8221;. Opr\u00f3cz mo\u017cliwo\u015bci czyszczenia plik\u00f3w cookies, znajduje si\u0119 tam link &#8222;Wi\u0119cej informacji&#8221;, kt\u00f3ry prowadzi do szczeg\u00f3\u0142owego opisu funkcji prywatno\u015bci przegl\u0105darki;<\/li>\n<li>Opera: przyciskiem &#8222;Opera&#8221; w lewym g\u00f3rnym rogu otworzy\u0107 menu i wybra\u0107 w nim &#8222;Ustawienia&#8221;, potem &#8222;Wyczy\u015b\u0107 histori\u0119 przegl\u0105dania&#8230;&#8221;. Opr\u00f3cz mo\u017cliwo\u015bci czyszczenia plik\u00f3w cookies, jest tam te\u017c przycisk &#8222;Zarz\u0105dzaj ciasteczkami&#8230;&#8221; prowadz\u0105cy do bardziej zaawansowanych opcji dla poszczeg\u00f3lnych witryn;<\/li>\n<li>Apple Safari: w menu &#8222;Safari&#8221; wybra\u0107 &#8222;Preferencje&#8221; i w nich zak\u0142adk\u0119 &#8222;Prywatno\u015b\u0107&#8221;. Znajduj\u0105 si\u0119 w niej opcje dotycz\u0105ce ustawie\u0144 plik\u00f3w cookies;<\/li>\n<li>urz\u0105dzenia mobilne typu tablet, smartphone: ustawienia obs\u0142ugi plik\u00f3w cookies zale\u017c\u0105 od konkretnego modelu urz\u0105dzenia. Zach\u0119camy do zapoznania si\u0119 z opcjami prywatno\u015bci w dokumentacji dost\u0119pnej na stronie internetowej producenta danego urz\u0105dzenia mobilnego.<\/li>\n<\/ol>\n<\/li>\n<li>Administrator nie ponosi odpowiedzialno\u015bci za stosowanie lub obs\u0142ug\u0119 plik\u00f3w cookies na innych stronach internetowych dost\u0119pnych dla U\u017cytkownik\u00f3w za po\u015brednictwem link\u00f3w zamieszczonych na Serwisie.<\/li>\n<li>Wi\u0119cej informacji o plikach cookies znajduje si\u0119 pod adresem http:\/\/wszystkoociasteczkach.pl\/<\/li>\n<\/ol>\n<p><\/p><center><p><\/p>\n<h3>Przechowywanie i ochrona informacji<\/h3>\n<p><b>\u00a7 4.<\/b><\/p><\/center><br>\n<p><\/p>\n<ol>\n<li style=\"list-style-type: none;\">\n<ol>\n<li>Dane osobowe U\u017cytkownik\u00f3w s\u0105 przechowywane w bazie danych, w kt\u00f3rej zastosowano \u015brodki techniczne i organizacyjne zapewniaj\u0105ce ochron\u0119 przetwarzanych danych zgodne z wymaganiami okre\u015blonymi w przepisach o ochronie danych osobowych, w tym rozporz\u0105dzenia Ministra Spraw Wewn\u0119trznych i Administracji z dnia 29 kwietnia 2004 r. w sprawie dokumentacji przetwarzania danych osobowych oraz warunk\u00f3w technicznych i organizacyjnych, jakim powinny odpowiada\u0107 urz\u0105dzenia i systemy informatyczne s\u0142u\u017c\u0105ce do przetwarzania danych osobowych (Dz. U. Nr 100, poz. 1024) oraz wytycznymi Generalnego Inspektora Ochrony Danych Osobowych.<\/li>\n<li>Baza danych osobowych prowadzona przez Serwis zosta\u0142a zg\u0142oszona do Generalnego Inspektora Ochrony Danych Osobowych.<\/li>\n<li>Administratorem danych osobowych udost\u0119pnionych przez U\u017cytkownika jest Quattro Printing sp. z o. o. z siedzib\u0105 w Warszawie<\/li>\n<\/ol>\n<p><\/p><center><p><\/p>\n<h3>Prawa U\u017cytkownik\u00f3w<\/h3>\n<p><b>\u00a7 5.<\/b><\/p><\/center><p><\/p>\n<p><\/p>\n<ol>\n<li>Administrator zapewnia wszystkim U\u017cytkownikom mo\u017cliwo\u015b\u0107 realizacji uprawnie\u0144 wynikaj\u0105cych z ustawy z dnia 29 sierpnia 1997 roku o ochronie danych osobowych (tekst. jedn. Dz.U. z 2002 r., nr 101, poz. 926), w szczeg\u00f3lno\u015bci prawo wgl\u0105du do w\u0142asnych danych, prawo \u017c\u0105dania aktualizacji i usuni\u0119cia danych oraz prawo wniesienia sprzeciwu w przypadkach okre\u015blonych w przepisach tej ustawy.<\/li>\n<\/ol>\n<p><\/p><center><p><\/p>\n<h3>Spos\u00f3b wykorzystania informacji o U\u017cytkowniku<\/h3>\n<p><b>\u00a7 6.<\/b><\/p><\/center><br>\n<p><\/p>\n<ol>\n<li>Administrator nie przekazuje, nie sprzedaje i nie u\u017cycza zgromadzonych danych osobowych U\u017cytkownik\u00f3w innym osobom lub instytucjom. Zastrzegamy sobie jedynie mo\u017cliwo\u015b\u0107 ujawniania zestawie\u0144 ilo\u015bciowych i statystycznych, kt\u00f3re w \u017caden spos\u00f3b nie pozwol\u0105 na identyfikacj\u0119 poszczeg\u00f3lnych U\u017cytkownik\u00f3w.<\/li>\n<\/ol>\n<p><\/p><center><p><\/p>\n<h3>Odno\u015bniki do innych stron<\/h3>\n<p><b>\u00a7 7.<\/b><\/p><\/center><br>\n<p><\/p>\n<ol>\n<li>Serwis mo\u017ce zawiera\u0107 odno\u015bniki do innych stron. Administrator nie ponosi odpowiedzialno\u015bci za zasady zachowania prywatno\u015bci obowi\u0105zuj\u0105ce na tych stronach. Niniejsza polityka prywatno\u015bci dotyczy wy\u0142\u0105cznie Serwisu.<\/li>\n<\/ol>\n<p><\/p><center><p><\/p>\n<h3>Postanowienia ko\u0144cowe<\/h3>\n<p><b>\u00a7 8.<\/b><\/p><\/center><br>\n<p><\/p>\n<ol>\n<li>Administrator Serwisu zastrzega sobie prawo do zmiany Polityki Ochrony Prywatno\u015bci.<\/li>\n<li>U\u017cytkownik\u00f3w Serwisu obowi\u0105zuje aktualna Polityka Ochrona Prywatno\u015bci, dost\u0119pna na stronie internetowej Serwisu.<\/li>\n<li>Wszelka korespondencja zwi\u0105zana z niniejsz\u0105 Polityk\u0105 Ochrony Prywatno\u015bci powinna by\u0107 kierowana na adres elektroniczny <a href=\"mailto:kontakt@quattroprinting.pl\">kontakt@quattroprinting.pl<\/a><\/li>\n<\/ol>\n<\/li>\n<\/ol>\t\t\t\t\t<\/div>\n\t\t\t\t\t\t<\/div>\n\t\t\t\t<\/div>\n\t\t\t\t\t\t<\/div>\n\t\t\t\t\t<\/div>\n\t\t<\/div>\n\t\t\t\t\t\t\t\t<\/div>\n\t\t\t\t\t<\/div>\n\t\t<\/section>\n\t\t\t\t\t\t<\/div>\n\t\t\t\t\t\t<\/div>\n\t\t\t\t\t<\/div>\n\t\t","protected":false},"excerpt":{"rendered":"<p>POLITYKA PRYWATNO\u015aCI Polityka Ochrony Prywatno\u015bci \u00a7 1. W Polityce Ochrony Prywatno\u015bci zawarte s\u0105 informacje o tym, w jaki spos\u00f3b s\u0105 gromadzone, przetwarzane i wykorzystywane informacje o U\u017cytkownikach Serwisu. Ochrona prywatno\u015bci U\u017cytkownik\u00f3w Serwisu ma dla Administratora kluczowe znaczenie, dlatego zakres wymaganych informacji zosta\u0142 ograniczony do niezb\u0119dnego minimum. Administrator przetwarza dane osobowe U\u017cytkownik\u00f3w w zakresie niezb\u0119dnym do [&hellip;]<\/p>\n","protected":false},"author":1,"featured_media":0,"parent":0,"menu_order":0,"comment_status":"closed","ping_status":"closed","template":"","meta":[],"_links":{"self":[{"href":"http:\/\/www.quattroprinting.pl\/new\/wp-json\/wp\/v2\/pages\/9"}],"collection":[{"href":"http:\/\/www.quattroprinting.pl\/new\/wp-json\/wp\/v2\/pages"}],"about":[{"href":"http:\/\/www.quattroprinting.pl\/new\/wp-json\/wp\/v2\/types\/page"}],"author":[{"embeddable":true,"href":"http:\/\/www.quattroprinting.pl\/new\/wp-json\/wp\/v2\/users\/1"}],"replies":[{"embeddable":true,"href":"http:\/\/www.quattroprinting.pl\/new\/wp-json\/wp\/v2\/comments?post=9"}],"version-history":[{"count":25,"href":"http:\/\/www.quattroprinting.pl\/new\/wp-json\/wp\/v2\/pages\/9\/revisions"}],"predecessor-version":[{"id":762,"href":"http:\/\/www.quattroprinting.pl\/new\/wp-json\/wp\/v2\/pages\/9\/revisions\/762"}],"wp:attachment":[{"href":"http:\/\/www.quattroprinting.pl\/new\/wp-json\/wp\/v2\/media?parent=9"}],"curies":[{"name":"wp","href":"https:\/\/api.w.org\/{rel}","templated":true}]}}